{"id":2025,"date":"2018-12-07T12:47:05","date_gmt":"2018-12-07T11:47:05","guid":{"rendered":"https:\/\/www.cosmopolitan-institute.eu\/?page_id=2025"},"modified":"2024-05-28T12:01:59","modified_gmt":"2024-05-28T10:01:59","slug":"cookies","status":"publish","type":"page","link":"https:\/\/www.cosmopolitan-institute.eu\/de\/cookies\/","title":{"rendered":"Cookies"},"content":{"rendered":"<ul>\n<li><strong>Erkl\u00e4rung zum Einsatz von Cookies und M\u00f6glichkeiten der Nutzungsvermeidung<\/strong>Wenn Sie mehr dar\u00fcber erfahren m\u00f6chten, wie wir Ihre personenbezogenen Daten verarbeiten,\u00a0lesen Sie bitte die Datenschutzerkl\u00e4rung.\n<p><strong>Was sind Cookies?<\/strong><\/p>\n<p>Cookies sind kleine Dateien, die es erm\u00f6glichen, dass die von Ihnen besuchten Websites Ihre Aktionen und die von Ihnen vorgenommenen Einstellungen speichern. Bei jedem erneuten Besuch der Seite sendet der Browser die in der Datei gespeicherten Daten an den Server zur\u00fcck. Diese kleine Datei wird \u201eCookies\u201c genannt und es ist eine kurze Textdatei, die eine bestimmte Zeichenfolge mit eindeutigen Informationen enth\u00e4lt. Wir verwenden Cookies, um die Qualit\u00e4t unserer Dienstleistungen zu gew\u00e4hrleisten und um besser zu verstehen, wie unsere Website genutzt wird. Aus diesem Grund speichern wir die Pr\u00e4ferenzen der Benutzer in Cookies und verwenden sie, um die Tendenzen der Benutzer zu verfolgen und zu verfolgen, wie sich die Benutzer auf unserer Website verhalten und wie sie diese ansehen. Cookies stellen keine Gefahr dar, sind aber f\u00fcr die Privatsph\u00e4re wichtig. Cookies k\u00f6nnen nicht dazu verwendet werden, Besucher der Website zu identifizieren oder Login-Daten zu missbrauchen.<\/p>\n<p><strong>Welche Cookies verwenden wir?<\/strong><\/p>\n<p>Unsere Website verwendet nur sogenannte \u201eFirst Party\u201c-Cookies, d.h. Cookies, die nur von unserer Website verwendet werden (First Party Cookies) und \u201eThird Party\u201c-Cookies (d.h. Cookies, die von Websites Dritter stammen). Wir verwenden Erstanbieter-Cookies, um Benutzerpr\u00e4ferenzen und Daten zu speichern, die w\u00e4hrend Ihres Besuchs auf der Website ben\u00f6tigt werden, z. B. beim Aufsp\u00fcren anonymer Statistiken, beim Abstimmen von Umfragen, beim Umschalten der Ansichten von mobilen Ger\u00e4ten auf die PC-Version der Website und beim Anmelden eines registrierten Benutzers. Wir verwenden Cookies von Drittanbietern, um Benutzer-Trends und Verhaltensweisen zu verfolgen, Targeting-Anzeigen, mit Hilfe von Drittanbietern von Web-Statistiken. Cookies von Drittanbietern, die zur Verfolgung von Trends und Verhaltensweisen verwendet werden, werden nur von unserer Website und dem Anbieter von Webstatistiken verwendet und nicht an Dritte weitergegeben.<\/p>\n<p><strong>Zustimmung zur Speicherung von Cookies<\/strong><\/p>\n<p>Die meisten Browser akzeptieren Cookies automatisch, sofern Ihr Browser nicht anders konfiguriert ist. Durch die Nutzung dieser Website erkl\u00e4ren Sie sich mit der Speicherung von Cookies einverstanden.<\/p>\n<p>Was muss ich tun, wenn ich mit der Verwendung von Cookies nicht einverstanden bin?<\/p>\n<p>Sie k\u00f6nnen die Verwendung von Cookies in Ihren Browser-Einstellungen einschr\u00e4nken oder blockieren. Informationen zur Einrichtung eines bestimmten Browsers finden Sie unter folgenden Adressen:<\/p>\n<ul>\n<li>Internet Explorer:\u00a0<a href=\"http:\/\/windows.microsoft.com\/\">microsoft.com<\/a><\/li>\n<li>Google Chrome:\u00a0<a href=\"http:\/\/support.google.com\/\">google.com<\/a><\/li>\n<li>Mozilla Firefox:\u00a0<a href=\"http:\/\/support.mozilla.org\/\">mozilla.org<\/a><\/li>\n<li>Opera:\u00a0<a href=\"http:\/\/help.opera.com\/\">opera.com<\/a><\/li>\n<\/ul>\n<\/li>\n<\/ul>\n","protected":false},"excerpt":{"rendered":"<p>Erkl\u00e4rung zum Einsatz von Cookies und M\u00f6glichkeiten der NutzungsvermeidungWenn Sie mehr dar\u00fcber erfahren m\u00f6chten, wie wir Ihre personenbezogenen Daten verarbeiten,\u00a0lesen Sie bitte die Datenschutzerkl\u00e4rung. Was sind<span class=\"excerpt-hellip\"> [\u2026]<\/span><\/p>\n","protected":false},"author":3,"featured_media":0,"parent":0,"menu_order":0,"comment_status":"closed","ping_status":"closed","template":"","meta":{"footnotes":""},"class_list":["post-2025","page","type-page","status-publish","hentry"],"yoast_head":"<!-- This site is optimized with the Yoast SEO plugin v27.4 - https:\/\/yoast.com\/product\/yoast-seo-wordpress\/ -->\n<title>Cookies - cosmopolitan-institute.eu<\/title>\n<meta name=\"robots\" content=\"index, follow, max-snippet:-1, max-image-preview:large, max-video-preview:-1\" \/>\n<link rel=\"canonical\" href=\"https:\/\/www.cosmopolitan-institute.eu\/de\/cookies\/\" \/>\n<meta property=\"og:locale\" content=\"de_DE\" \/>\n<meta property=\"og:type\" content=\"article\" \/>\n<meta property=\"og:title\" content=\"Cookies - cosmopolitan-institute.eu\" \/>\n<meta property=\"og:description\" content=\"Erkl\u00e4rung zum Einsatz von Cookies und M\u00f6glichkeiten der NutzungsvermeidungWenn Sie mehr dar\u00fcber erfahren m\u00f6chten, wie wir Ihre personenbezogenen Daten verarbeiten,\u00a0lesen Sie bitte die Datenschutzerkl\u00e4rung. Was sind [\u2026]\" \/>\n<meta property=\"og:url\" content=\"https:\/\/www.cosmopolitan-institute.eu\/de\/cookies\/\" \/>\n<meta property=\"og:site_name\" content=\"cosmopolitan-institute.eu\" \/>\n<meta property=\"article:publisher\" content=\"https:\/\/www.facebook.com\/Cosmopolitaninstitute\" \/>\n<meta property=\"article:modified_time\" content=\"2024-05-28T10:01:59+00:00\" \/>\n<meta property=\"og:image\" content=\"https:\/\/www.cosmopolitan-institute.eu\/wp-content\/uploads\/2024\/03\/hp-main-bg.jpg\" \/>\n\t<meta property=\"og:image:width\" content=\"1040\" \/>\n\t<meta property=\"og:image:height\" content=\"674\" \/>\n\t<meta property=\"og:image:type\" content=\"image\/jpeg\" \/>\n<meta name=\"twitter:card\" content=\"summary_large_image\" \/>\n<meta name=\"twitter:label1\" content=\"Gesch\u00e4tzte Lesezeit\" \/>\n\t<meta name=\"twitter:data1\" content=\"2\u00a0Minuten\" \/>\n<script type=\"application\/ld+json\" class=\"yoast-schema-graph\">{\"@context\":\"https:\\\/\\\/schema.org\",\"@graph\":[{\"@type\":\"WebPage\",\"@id\":\"https:\\\/\\\/www.cosmopolitan-institute.eu\\\/de\\\/cookies\\\/\",\"url\":\"https:\\\/\\\/www.cosmopolitan-institute.eu\\\/de\\\/cookies\\\/\",\"name\":\"Cookies - cosmopolitan-institute.eu\",\"isPartOf\":{\"@id\":\"https:\\\/\\\/www.cosmopolitan-institute.eu\\\/#website\"},\"datePublished\":\"2018-12-07T11:47:05+00:00\",\"dateModified\":\"2024-05-28T10:01:59+00:00\",\"breadcrumb\":{\"@id\":\"https:\\\/\\\/www.cosmopolitan-institute.eu\\\/de\\\/cookies\\\/#breadcrumb\"},\"inLanguage\":\"de\",\"potentialAction\":[{\"@type\":\"ReadAction\",\"target\":[\"https:\\\/\\\/www.cosmopolitan-institute.eu\\\/de\\\/cookies\\\/\"]}]},{\"@type\":\"BreadcrumbList\",\"@id\":\"https:\\\/\\\/www.cosmopolitan-institute.eu\\\/de\\\/cookies\\\/#breadcrumb\",\"itemListElement\":[{\"@type\":\"ListItem\",\"position\":1,\"name\":\"Home\",\"item\":\"https:\\\/\\\/www.cosmopolitan-institute.eu\\\/\"},{\"@type\":\"ListItem\",\"position\":2,\"name\":\"Cookies\"}]},{\"@type\":\"WebSite\",\"@id\":\"https:\\\/\\\/www.cosmopolitan-institute.eu\\\/#website\",\"url\":\"https:\\\/\\\/www.cosmopolitan-institute.eu\\\/\",\"name\":\"cosmopolitan-institute.eu\",\"description\":\"Cosmopolitan Institute je vzd\u011bl\u00e1vac\u00ed instituce, kter\u00e1 ve spolupr\u00e1ci s Vysokou \u0161kolou zdravotn\u00edctva a soci\u00e1lnej pr\u00e1ce sv. Al\u017ebety, nab\u00edz\u00ed mana\u017eersk\u00e9 vzd\u011bl\u00e1v\u00e1n\u00ed v programech BBA, MBA, MPA, MHA, MPH, MSA, LLM, LLD, MSc, Ed.D. a DBA\",\"publisher\":{\"@id\":\"https:\\\/\\\/www.cosmopolitan-institute.eu\\\/#organization\"},\"potentialAction\":[{\"@type\":\"SearchAction\",\"target\":{\"@type\":\"EntryPoint\",\"urlTemplate\":\"https:\\\/\\\/www.cosmopolitan-institute.eu\\\/?s={search_term_string}\"},\"query-input\":{\"@type\":\"PropertyValueSpecification\",\"valueRequired\":true,\"valueName\":\"search_term_string\"}}],\"inLanguage\":\"de\"},{\"@type\":\"Organization\",\"@id\":\"https:\\\/\\\/www.cosmopolitan-institute.eu\\\/#organization\",\"name\":\"Cosmopolitan Institute of Education, s.r.o.\",\"url\":\"https:\\\/\\\/www.cosmopolitan-institute.eu\\\/\",\"logo\":{\"@type\":\"ImageObject\",\"inLanguage\":\"de\",\"@id\":\"https:\\\/\\\/www.cosmopolitan-institute.eu\\\/#\\\/schema\\\/logo\\\/image\\\/\",\"url\":\"https:\\\/\\\/www.cosmopolitan-institute.eu\\\/wp-content\\\/uploads\\\/2024\\\/03\\\/logo-cosmopolitan.svg\",\"contentUrl\":\"https:\\\/\\\/www.cosmopolitan-institute.eu\\\/wp-content\\\/uploads\\\/2024\\\/03\\\/logo-cosmopolitan.svg\",\"caption\":\"Cosmopolitan Institute of Education, s.r.o.\"},\"image\":{\"@id\":\"https:\\\/\\\/www.cosmopolitan-institute.eu\\\/#\\\/schema\\\/logo\\\/image\\\/\"},\"sameAs\":[\"https:\\\/\\\/www.facebook.com\\\/Cosmopolitaninstitute\",\"https:\\\/\\\/www.linkedin.com\\\/company\\\/cosmopolitan-institute-of-education\\\/\",\"https:\\\/\\\/www.instagram.com\\\/cosmopolitan_institute\\\/\"]}]}<\/script>\n<!-- \/ Yoast SEO plugin. -->","yoast_head_json":{"title":"Cookies - cosmopolitan-institute.eu","robots":{"index":"index","follow":"follow","max-snippet":"max-snippet:-1","max-image-preview":"max-image-preview:large","max-video-preview":"max-video-preview:-1"},"canonical":"https:\/\/www.cosmopolitan-institute.eu\/de\/cookies\/","og_locale":"de_DE","og_type":"article","og_title":"Cookies - cosmopolitan-institute.eu","og_description":"Erkl\u00e4rung zum Einsatz von Cookies und M\u00f6glichkeiten der NutzungsvermeidungWenn Sie mehr dar\u00fcber erfahren m\u00f6chten, wie wir Ihre personenbezogenen Daten verarbeiten,\u00a0lesen Sie bitte die Datenschutzerkl\u00e4rung. Was sind [\u2026]","og_url":"https:\/\/www.cosmopolitan-institute.eu\/de\/cookies\/","og_site_name":"cosmopolitan-institute.eu","article_publisher":"https:\/\/www.facebook.com\/Cosmopolitaninstitute","article_modified_time":"2024-05-28T10:01:59+00:00","og_image":[{"width":1040,"height":674,"url":"https:\/\/www.cosmopolitan-institute.eu\/wp-content\/uploads\/2024\/03\/hp-main-bg.jpg","type":"image\/jpeg"}],"twitter_card":"summary_large_image","twitter_misc":{"Gesch\u00e4tzte Lesezeit":"2\u00a0Minuten"},"schema":{"@context":"https:\/\/schema.org","@graph":[{"@type":"WebPage","@id":"https:\/\/www.cosmopolitan-institute.eu\/de\/cookies\/","url":"https:\/\/www.cosmopolitan-institute.eu\/de\/cookies\/","name":"Cookies - cosmopolitan-institute.eu","isPartOf":{"@id":"https:\/\/www.cosmopolitan-institute.eu\/#website"},"datePublished":"2018-12-07T11:47:05+00:00","dateModified":"2024-05-28T10:01:59+00:00","breadcrumb":{"@id":"https:\/\/www.cosmopolitan-institute.eu\/de\/cookies\/#breadcrumb"},"inLanguage":"de","potentialAction":[{"@type":"ReadAction","target":["https:\/\/www.cosmopolitan-institute.eu\/de\/cookies\/"]}]},{"@type":"BreadcrumbList","@id":"https:\/\/www.cosmopolitan-institute.eu\/de\/cookies\/#breadcrumb","itemListElement":[{"@type":"ListItem","position":1,"name":"Home","item":"https:\/\/www.cosmopolitan-institute.eu\/"},{"@type":"ListItem","position":2,"name":"Cookies"}]},{"@type":"WebSite","@id":"https:\/\/www.cosmopolitan-institute.eu\/#website","url":"https:\/\/www.cosmopolitan-institute.eu\/","name":"cosmopolitan-institute.eu","description":"Cosmopolitan Institute je vzd\u011bl\u00e1vac\u00ed instituce, kter\u00e1 ve spolupr\u00e1ci s Vysokou \u0161kolou zdravotn\u00edctva a soci\u00e1lnej pr\u00e1ce sv. Al\u017ebety, nab\u00edz\u00ed mana\u017eersk\u00e9 vzd\u011bl\u00e1v\u00e1n\u00ed v programech BBA, MBA, MPA, MHA, MPH, MSA, LLM, LLD, MSc, Ed.D. a DBA","publisher":{"@id":"https:\/\/www.cosmopolitan-institute.eu\/#organization"},"potentialAction":[{"@type":"SearchAction","target":{"@type":"EntryPoint","urlTemplate":"https:\/\/www.cosmopolitan-institute.eu\/?s={search_term_string}"},"query-input":{"@type":"PropertyValueSpecification","valueRequired":true,"valueName":"search_term_string"}}],"inLanguage":"de"},{"@type":"Organization","@id":"https:\/\/www.cosmopolitan-institute.eu\/#organization","name":"Cosmopolitan Institute of Education, s.r.o.","url":"https:\/\/www.cosmopolitan-institute.eu\/","logo":{"@type":"ImageObject","inLanguage":"de","@id":"https:\/\/www.cosmopolitan-institute.eu\/#\/schema\/logo\/image\/","url":"https:\/\/www.cosmopolitan-institute.eu\/wp-content\/uploads\/2024\/03\/logo-cosmopolitan.svg","contentUrl":"https:\/\/www.cosmopolitan-institute.eu\/wp-content\/uploads\/2024\/03\/logo-cosmopolitan.svg","caption":"Cosmopolitan Institute of Education, s.r.o."},"image":{"@id":"https:\/\/www.cosmopolitan-institute.eu\/#\/schema\/logo\/image\/"},"sameAs":["https:\/\/www.facebook.com\/Cosmopolitaninstitute","https:\/\/www.linkedin.com\/company\/cosmopolitan-institute-of-education\/","https:\/\/www.instagram.com\/cosmopolitan_institute\/"]}]}},"_links":{"self":[{"href":"https:\/\/www.cosmopolitan-institute.eu\/de\/wp-json\/wp\/v2\/pages\/2025","targetHints":{"allow":["GET"]}}],"collection":[{"href":"https:\/\/www.cosmopolitan-institute.eu\/de\/wp-json\/wp\/v2\/pages"}],"about":[{"href":"https:\/\/www.cosmopolitan-institute.eu\/de\/wp-json\/wp\/v2\/types\/page"}],"author":[{"embeddable":true,"href":"https:\/\/www.cosmopolitan-institute.eu\/de\/wp-json\/wp\/v2\/users\/3"}],"replies":[{"embeddable":true,"href":"https:\/\/www.cosmopolitan-institute.eu\/de\/wp-json\/wp\/v2\/comments?post=2025"}],"version-history":[{"count":3,"href":"https:\/\/www.cosmopolitan-institute.eu\/de\/wp-json\/wp\/v2\/pages\/2025\/revisions"}],"predecessor-version":[{"id":2028,"href":"https:\/\/www.cosmopolitan-institute.eu\/de\/wp-json\/wp\/v2\/pages\/2025\/revisions\/2028"}],"wp:attachment":[{"href":"https:\/\/www.cosmopolitan-institute.eu\/de\/wp-json\/wp\/v2\/media?parent=2025"}],"curies":[{"name":"wp","href":"https:\/\/api.w.org\/{rel}","templated":true}]}}